{"id":1369,"date":"2025-11-20T16:49:28","date_gmt":"2025-11-20T16:49:28","guid":{"rendered":"https:\/\/schornsteinfegerinnung-ka.de\/?page_id=1369"},"modified":"2025-11-20T17:29:30","modified_gmt":"2025-11-20T17:29:30","slug":"filme-ansehen","status":"publish","type":"page","link":"https:\/\/schornsteinfegerinnung-ka.de\/index.php\/filme-ansehen\/","title":{"rendered":"Filme ansehen"},"content":{"rendered":"<p>[et_pb_section fb_built=&#8220;1&#8243; theme_builder_area=&#8220;post_content&#8220; _builder_version=&#8220;4.27.4&#8243; _module_preset=&#8220;default&#8220;][et_pb_row _builder_version=&#8220;4.27.4&#8243; _module_preset=&#8220;default&#8220; theme_builder_area=&#8220;post_content&#8220;][et_pb_column _builder_version=&#8220;4.27.4&#8243; _module_preset=&#8220;default&#8220; type=&#8220;4_4&#8243; theme_builder_area=&#8220;post_content&#8220;][et_pb_heading title=&#8220;Filme zum Schornsteinfegerhandwerk&#8220; _builder_version=&#8220;4.27.4&#8243; _module_preset=&#8220;default&#8220; theme_builder_area=&#8220;post_content&#8220; hover_enabled=&#8220;0&#8243; sticky_enabled=&#8220;0&#8243;][\/et_pb_heading][\/et_pb_column][\/et_pb_row][et_pb_row _builder_version=&#8220;4.27.4&#8243; _module_preset=&#8220;default&#8220; theme_builder_area=&#8220;post_content&#8220; column_structure=&#8220;1_2,1_2&#8243;][et_pb_column _builder_version=&#8220;4.27.4&#8243; _module_preset=&#8220;default&#8220; type=&#8220;1_2&#8243; theme_builder_area=&#8220;post_content&#8220;][et_pb_text _builder_version=&#8220;4.27.4&#8243; _module_preset=&#8220;default&#8220; theme_builder_area=&#8220;post_content&#8220; hover_enabled=&#8220;0&#8243; sticky_enabled=&#8220;0&#8243;]<\/p>\n<p>Hier finden Sie Filme \u00fcber das Schornsteinfegerhandwerk\u00a0\u00a0\u00a0\u00a0\u00a0\u00a0\u00a0\u00a0\u00a0\u00a0\u00a0\u00a0\u00a0\u00a0\u00a0\u00a0\u00a0\u00a0\u00a0\u00a0\u00a0\u00a0<\/p>\n<div class=\"row\">\n<div class=\"col-xs-12 col-sm-6\">\n<figure><a href=\"https:\/\/www.youtube.com\/watch?v=p8elsYbrv8U\" target=\"_blank\" rel=\"noopener\"><img decoding=\"async\" class=\"lazy\" data-src=\"\/img\/freiburg\/News\/mission-gefahren-erkennen.jpg\" src=\"https:\/\/www.schornsteinfegerinnung-fr.de\/img\/system\/blank.gif\" data-width=\"781\" data-height=\"654\" alt=\"\" title=\"\" \/><\/a><\/figure>\n<p><strong>Werde Schornsteinfeger &#8211; Nimm dein Gl\u00fcck selbst in die Hand!<\/strong><\/p>\n<p>Diesen Kurzclip in<span>\u00a0<\/span><a href=\"https:\/\/www.youtube.com\/watch?v=p8elsYbrv8U\" target=\"_blank\" rel=\"noopener\">YouTube<\/a><span>\u00a0<\/span>ansehen.<\/p>\n<p>&nbsp;<\/p>\n<div class=\"row\">\n<div class=\"col-xs-12 col-sm-6\">\n<p><strong>Mission 1: Lisa bei einer Schornsteininspektion und -reinigung. <\/strong><\/p>\n<p>Diesen Kurzclip in<span>\u00a0<\/span><a href=\"https:\/\/www.youtube.com\/watch?v=8orc4X83v58\" target=\"_blank\" rel=\"noopener\"><strong>YouTube<\/strong><\/a><span>\u00a0<\/span>ansehen.<\/p>\n<\/div>\n<div class=\"col-xs-12 col-sm-6\">\n<figure><a href=\"https:\/\/www.schornsteinfegerinnung-fr.de\/img\/freiburg\/News\/clip2_brennstoffe.jpg\" target=\"_blank\" rel=\"noopener\"><img decoding=\"async\" class=\"lazy\" data-src=\"\/img\/freiburg\/News\/clip2_brennstoffe.jpg\" src=\"https:\/\/www.schornsteinfegerinnung-fr.de\/img\/system\/blank.gif\" data-width=\"406\" data-height=\"228\" alt=\"\" title=\"\" \/><\/a><\/figure>\n<p><strong>Mission 2: Max ber\u00e4t einen Kunden zum emissionsarmen Heizen mit Holz. <\/strong><\/p>\n<p>Diesen Kurzclip in<span>\u00a0<\/span><strong><a href=\"https:\/\/www.youtube.com\/watch?v=JrwYEDyhtT4\" target=\"_blank\" rel=\"noopener\">YouTube<\/a><\/strong><span>\u00a0<\/span>ansehen.<\/p>\n<\/div>\n<\/div>\n<div class=\"row\">\n<div class=\"col-xs-12 col-sm-6\">\n<figure><a href=\"https:\/\/www.youtube.com\/watch?v=2995vhKJF54\" target=\"_blank\" rel=\"noopener\"><img decoding=\"async\" class=\"lazy\" data-src=\"\/img\/freiburg\/News\/clip3_energieberatung.jpg\" src=\"https:\/\/www.schornsteinfegerinnung-fr.de\/img\/system\/blank.gif\" data-width=\"406\" data-height=\"228\" alt=\"\" title=\"\" \/><\/a><\/figure>\n<p><strong>Mission 3: Lisa als Energieberaterin. <\/strong><\/p>\n<p>Diesen Kurzclip in<span>\u00a0<\/span><strong><a href=\"https:\/\/www.youtube.com\/watch?v=2995vhKJF54\" target=\"_blank\" rel=\"noopener\">YouTube<\/a><\/strong><span>\u00a0<\/span>ansehen.<\/p>\n<\/div>\n<div class=\"col-xs-12 col-sm-6\">\n<figure><a href=\"https:\/\/www.youtube.com\/watch?v=_DBi_fSXhbs\"><img decoding=\"async\" class=\"lazy\" data-src=\"\/img\/freiburg\/News\/clip4_messung.jpg\" src=\"https:\/\/www.schornsteinfegerinnung-fr.de\/img\/system\/blank.gif\" data-width=\"406\" data-height=\"228\" alt=\"\" title=\"\" \/><\/a><\/figure>\n<p><strong>Mission 4: Max bei einer Heizungs\u00fcberpr\u00fcfung. <\/strong><\/p>\n<p>Diesen Kurzclip in<span>\u00a0<\/span><strong><a href=\"https:\/\/www.youtube.com\/watch?v=_DBi_fSXhbs\" target=\"_blank\" rel=\"noopener\">YouTube<\/a><\/strong><span>\u00a0<\/span>ansehen.<\/p>\n<\/div>\n<\/div>\n<div class=\"row\">\n<div class=\"col-xs-12 col-sm-6\">\n<figure><a href=\"https:\/\/www.youtube.com\/watch?v=pdfU_05qjvo\"><img decoding=\"async\" class=\"lazy\" data-src=\"\/img\/freiburg\/News\/clip5_co.jpg\" src=\"https:\/\/www.schornsteinfegerinnung-fr.de\/img\/system\/blank.gif\" data-width=\"406\" data-height=\"228\" alt=\"\" title=\"\" \/><\/a><\/figure>\n<p><strong>Mission 5: Lisa installiert einen Rauchmelder und zeigt, warum Shishas gef\u00e4hrlich sein k\u00f6nnen. <\/strong><\/p>\n<p>Diesen Kurzclip in<span>\u00a0<\/span><strong><\/strong><a href=\"https:\/\/www.youtube.com\/watch?v=pdfU_05qjvo\" target=\"_blank\" rel=\"noopener\"><strong>YouTube<\/strong><\/a><span>\u00a0<\/span>ansehen.<\/p>\n<\/div>\n<div class=\"col-xs-12 col-sm-6\">\n<figure><a href=\"https:\/\/www.youtube.com\/watch?v=6r4AhuQ7Xmg\" target=\"_blank\" rel=\"noopener\"><img decoding=\"async\" class=\"lazy\" data-src=\"\/img\/freiburg\/News\/clip6_lueftung.jpg\" src=\"https:\/\/www.schornsteinfegerinnung-fr.de\/img\/system\/blank.gif\" data-width=\"406\" data-height=\"228\" alt=\"\" title=\"\" \/><\/a><\/figure>\n<p><strong>Mission 6: Max \u00fcberpr\u00fcft eine L\u00fcftungsanlage. <\/strong><\/p>\n<p>Diesen Kurzclip in<span>\u00a0<\/span><a href=\"https:\/\/www.youtube.com\/watch?v=6r4AhuQ7Xmg\" target=\"_blank\" rel=\"noopener\"><strong>YouTube<\/strong><\/a><span>\u00a0<\/span>ansehen.<\/p>\n<\/div>\n<\/div>\n<\/div>\n<\/div>\n<p>[\/et_pb_text][\/et_pb_column][et_pb_column _builder_version=&#8220;4.27.4&#8243; _module_preset=&#8220;default&#8220; type=&#8220;1_2&#8243; theme_builder_area=&#8220;post_content&#8220;][et_pb_video src=&#8220;https:\/\/www.youtube.com\/watch?v=FnRfgqeyQPg&#8220; _builder_version=&#8220;4.27.4&#8243; _module_preset=&#8220;default&#8220; theme_builder_area=&#8220;post_content&#8220; hover_enabled=&#8220;0&#8243; sticky_enabled=&#8220;0&#8243;][\/et_pb_video][et_pb_text _builder_version=&#8220;4.27.4&#8243; _module_preset=&#8220;default&#8220; theme_builder_area=&#8220;post_content&#8220; hover_enabled=&#8220;0&#8243; sticky_enabled=&#8220;0&#8243;]<\/p>\n<p>Auch der ZDS wirbt mit einem Supervideo f\u00fcr unser sch\u00f6nes Handwerk&#8230;<\/p>\n<p>Diesen Clip in<span>\u00a0<\/span><a href=\"https:\/\/www.youtube.com\/watch?v=FnRfgqeyQPg\" target=\"_blank\" rel=\"noopener\">YouTube<\/a>\u00a0ansehen.<\/p>\n<p>[\/et_pb_text][\/et_pb_column][\/et_pb_row][\/et_pb_section]<\/p>\n","protected":false},"excerpt":{"rendered":"<p>Hier finden Sie Filme \u00fcber das Schornsteinfegerhandwerk\u00a0\u00a0\u00a0\u00a0\u00a0\u00a0\u00a0\u00a0\u00a0\u00a0\u00a0\u00a0\u00a0\u00a0\u00a0\u00a0\u00a0\u00a0\u00a0\u00a0\u00a0\u00a0 Werde Schornsteinfeger &#8211; Nimm dein Gl\u00fcck selbst in die Hand! Diesen Kurzclip in\u00a0YouTube\u00a0ansehen. &nbsp; Mission 1: Lisa bei einer Schornsteininspektion und -reinigung. Diesen Kurzclip in\u00a0YouTube\u00a0ansehen. Mission 2: Max ber\u00e4t einen Kunden zum emissionsarmen Heizen mit Holz. Diesen Kurzclip in\u00a0YouTube\u00a0ansehen. Mission 3: Lisa als Energieberaterin. Diesen Kurzclip in\u00a0YouTube\u00a0ansehen. Mission [&hellip;]<\/p>\n","protected":false},"author":3,"featured_media":0,"parent":0,"menu_order":0,"comment_status":"closed","ping_status":"closed","template":"","meta":{"_et_pb_use_builder":"on","_et_pb_old_content":"<!-- wp:divi\/placeholder \/-->","_et_gb_content_width":"","footnotes":""},"class_list":["post-1369","page","type-page","status-publish","hentry"],"_links":{"self":[{"href":"https:\/\/schornsteinfegerinnung-ka.de\/index.php\/wp-json\/wp\/v2\/pages\/1369","targetHints":{"allow":["GET"]}}],"collection":[{"href":"https:\/\/schornsteinfegerinnung-ka.de\/index.php\/wp-json\/wp\/v2\/pages"}],"about":[{"href":"https:\/\/schornsteinfegerinnung-ka.de\/index.php\/wp-json\/wp\/v2\/types\/page"}],"author":[{"embeddable":true,"href":"https:\/\/schornsteinfegerinnung-ka.de\/index.php\/wp-json\/wp\/v2\/users\/3"}],"replies":[{"embeddable":true,"href":"https:\/\/schornsteinfegerinnung-ka.de\/index.php\/wp-json\/wp\/v2\/comments?post=1369"}],"version-history":[{"count":3,"href":"https:\/\/schornsteinfegerinnung-ka.de\/index.php\/wp-json\/wp\/v2\/pages\/1369\/revisions"}],"predecessor-version":[{"id":1413,"href":"https:\/\/schornsteinfegerinnung-ka.de\/index.php\/wp-json\/wp\/v2\/pages\/1369\/revisions\/1413"}],"wp:attachment":[{"href":"https:\/\/schornsteinfegerinnung-ka.de\/index.php\/wp-json\/wp\/v2\/media?parent=1369"}],"curies":[{"name":"wp","href":"https:\/\/api.w.org\/{rel}","templated":true}]}}