{"id":1371,"date":"2025-11-20T16:49:54","date_gmt":"2025-11-20T16:49:54","guid":{"rendered":"https:\/\/schornsteinfegerinnung-ka.de\/?page_id=1371"},"modified":"2025-11-20T17:24:27","modified_gmt":"2025-11-20T17:24:27","slug":"informationen-zur-ausbildung-in-baden-wuerttemberg","status":"publish","type":"page","link":"https:\/\/schornsteinfegerinnung-ka.de\/index.php\/informationen-zur-ausbildung-in-baden-wuerttemberg\/","title":{"rendered":"Informationen zur Ausbildung in Baden-W\u00fcrttemberg"},"content":{"rendered":"<p>[et_pb_section fb_built=&#8220;1&#8243; _builder_version=&#8220;4.27.4&#8243; _module_preset=&#8220;default&#8220; global_colors_info=&#8220;{}&#8220;][et_pb_row _builder_version=&#8220;4.27.4&#8243; _module_preset=&#8220;default&#8220; global_colors_info=&#8220;{}&#8220;][et_pb_column type=&#8220;4_4&#8243; _builder_version=&#8220;4.27.4&#8243; _module_preset=&#8220;default&#8220; global_colors_info=&#8220;{}&#8220;][et_pb_heading title=&#8220;Informationen rund um die Ausbildung in Baden-W\u00fcrttemberg&#8220; _builder_version=&#8220;4.27.4&#8243; _module_preset=&#8220;default&#8220; global_colors_info=&#8220;{}&#8220;][\/et_pb_heading][\/et_pb_column][\/et_pb_row][et_pb_row column_structure=&#8220;3_5,2_5&#8243; _builder_version=&#8220;4.27.4&#8243; _module_preset=&#8220;default&#8220; global_colors_info=&#8220;{}&#8220;][et_pb_column type=&#8220;3_5&#8243; _builder_version=&#8220;4.27.4&#8243; _module_preset=&#8220;default&#8220; global_colors_info=&#8220;{}&#8220;][et_pb_text _builder_version=&#8220;4.27.4&#8243; _module_preset=&#8220;default&#8220; global_colors_info=&#8220;{}&#8220;]<\/p>\n<h3>Informationen f\u00fcr Auszubildende<\/h3>\n<p><strong>Gl\u00fcckbringer werden!<\/strong><\/p>\n<p><strong>Dauer der Ausbildung: 3 Jahre<\/strong><\/p>\n<p>Berufsschulunterricht und \u00fcberbetriebliche Ausbildung finden als Blockunterricht statt. \u00dcber das Jahr verteilt fallen insgesamt 3 Monate Schule an.<\/p>\n<p><strong>Landesfachschule<\/strong><br \/>Ferdinand-von-Steinbeis-Schule<br \/>Gewerbliche Berufs- und Fachschule II<br \/>Abteilung Schornsteinfeger<br \/>Eggeringerweg 26<br \/>89077 Ulm<br \/>Telefon: 0731 \/ 161 38 40<br \/>Telefax: 0731 \/ 161 16 28<\/p>\n<p><strong>Meisterschule<\/strong><br \/>Telefon: 07 31 \/ 161 38 77<\/p>\n<p>[\/et_pb_text][\/et_pb_column][et_pb_column type=&#8220;2_5&#8243; _builder_version=&#8220;4.27.4&#8243; _module_preset=&#8220;default&#8220; global_colors_info=&#8220;{}&#8220;][et_pb_image src=&#8220;https:\/\/schornsteinfegerinnung-ka.de\/wp-content\/uploads\/2025\/06\/schornsteinfegerin_7_weiss.jpg&#8220; title_text=&#8220;schornsteinfegerin_7_weiss&#8220; _builder_version=&#8220;4.27.4&#8243; _module_preset=&#8220;default&#8220; width=&#8220;50%&#8220; global_colors_info=&#8220;{}&#8220;][\/et_pb_image][\/et_pb_column][\/et_pb_row][et_pb_row _builder_version=&#8220;4.27.4&#8243; _module_preset=&#8220;default&#8220;][et_pb_column _builder_version=&#8220;4.27.4&#8243; _module_preset=&#8220;default&#8220; type=&#8220;4_4&#8243;][et_pb_text _builder_version=&#8220;4.27.4&#8243; _module_preset=&#8220;default&#8220; hover_enabled=&#8220;0&#8243; sticky_enabled=&#8220;0&#8243;]<\/p>\n<h3>Ausbildungsverg\u00fctung<\/h3>\n<p>In<span>\u00a0<\/span><strong>Deutschland<\/strong><span>\u00a0<\/span>wird als Ausbildungsverg\u00fctung im<\/p>\n<p><strong>1. Lehrjahr 760 Euro<\/strong><br \/><strong>2. Lehrjahr 830 Euro<\/strong><br \/><strong>3. Lehrjahr 930 Euro<\/strong><\/p>\n<p>nach dem Mindestlohn gem\u00e4\u00df Tarifvertrag gezahlt.<\/p>\n<p>Der<span>\u00a0<\/span><strong>Landesinnungsverband Baden-W\u00fcrttemberg<\/strong><span>\u00a0<\/span>empfiehlt mit Wirkung ab 2023 f\u00fcr Ausbildungsverh\u00e4ltnisse im<\/p>\n<p><strong>1. Lehrjahr 800 Euro<\/strong><br \/><strong>2. Lehrjahr 900 Euro<\/strong><br \/><strong>3. Lehrjahr 1000 Euro<\/p>\n<p><\/strong>zu zahlen. Die Erh\u00f6hung bei bereits abgeschlossenen Ausbildungsverh\u00e4ltnissen ist w\u00fcnschenswert, jedoch nicht verpflichtend.<\/p>\n<p>Wir empfehlen auch weiterhin die Anmeldung der Auszubildenden bei der<\/p>\n<p><strong>Pensionskasse des Schornsteinfegerhandwerks (PKS)<\/strong><span>\u00a0<\/span>mit einem Beitrag von 30,00 \u20ac.<\/p>\n<p>[\/et_pb_text][\/et_pb_column][\/et_pb_row][\/et_pb_section]<\/p>\n","protected":false},"excerpt":{"rendered":"<p>Informationen f\u00fcr Auszubildende Gl\u00fcckbringer werden! Dauer der Ausbildung: 3 Jahre Berufsschulunterricht und \u00fcberbetriebliche Ausbildung finden als Blockunterricht statt. \u00dcber das Jahr verteilt fallen insgesamt 3 Monate Schule an. LandesfachschuleFerdinand-von-Steinbeis-SchuleGewerbliche Berufs- und Fachschule IIAbteilung SchornsteinfegerEggeringerweg 2689077 UlmTelefon: 0731 \/ 161 38 40Telefax: 0731 \/ 161 16 28 MeisterschuleTelefon: 07 31 \/ 161 38 77Ausbildungsverg\u00fctung In\u00a0Deutschland\u00a0wird als [&hellip;]<\/p>\n","protected":false},"author":3,"featured_media":0,"parent":0,"menu_order":0,"comment_status":"closed","ping_status":"closed","template":"","meta":{"_et_pb_use_builder":"on","_et_pb_old_content":"<!-- wp:divi\/placeholder \/-->","_et_gb_content_width":"","footnotes":""},"class_list":["post-1371","page","type-page","status-publish","hentry"],"_links":{"self":[{"href":"https:\/\/schornsteinfegerinnung-ka.de\/index.php\/wp-json\/wp\/v2\/pages\/1371","targetHints":{"allow":["GET"]}}],"collection":[{"href":"https:\/\/schornsteinfegerinnung-ka.de\/index.php\/wp-json\/wp\/v2\/pages"}],"about":[{"href":"https:\/\/schornsteinfegerinnung-ka.de\/index.php\/wp-json\/wp\/v2\/types\/page"}],"author":[{"embeddable":true,"href":"https:\/\/schornsteinfegerinnung-ka.de\/index.php\/wp-json\/wp\/v2\/users\/3"}],"replies":[{"embeddable":true,"href":"https:\/\/schornsteinfegerinnung-ka.de\/index.php\/wp-json\/wp\/v2\/comments?post=1371"}],"version-history":[{"count":4,"href":"https:\/\/schornsteinfegerinnung-ka.de\/index.php\/wp-json\/wp\/v2\/pages\/1371\/revisions"}],"predecessor-version":[{"id":1410,"href":"https:\/\/schornsteinfegerinnung-ka.de\/index.php\/wp-json\/wp\/v2\/pages\/1371\/revisions\/1410"}],"wp:attachment":[{"href":"https:\/\/schornsteinfegerinnung-ka.de\/index.php\/wp-json\/wp\/v2\/media?parent=1371"}],"curies":[{"name":"wp","href":"https:\/\/api.w.org\/{rel}","templated":true}]}}