{"id":1374,"date":"2025-11-20T16:51:45","date_gmt":"2025-11-20T16:51:45","guid":{"rendered":"https:\/\/schornsteinfegerinnung-ka.de\/?page_id=1374"},"modified":"2025-11-20T17:10:33","modified_gmt":"2025-11-20T17:10:33","slug":"perfekte-ausbildungs-bedingungen-in-ulm","status":"publish","type":"page","link":"https:\/\/schornsteinfegerinnung-ka.de\/index.php\/perfekte-ausbildungs-bedingungen-in-ulm\/","title":{"rendered":"Perfekte Ausbildungs Bedingungen in Ulm"},"content":{"rendered":"<p>[et_pb_section fb_built=&#8220;1&#8243; theme_builder_area=&#8220;post_content&#8220; _builder_version=&#8220;4.27.4&#8243; _module_preset=&#8220;default&#8220;][et_pb_row _builder_version=&#8220;4.27.4&#8243; _module_preset=&#8220;default&#8220; theme_builder_area=&#8220;post_content&#8220;][et_pb_column _builder_version=&#8220;4.27.4&#8243; _module_preset=&#8220;default&#8220; type=&#8220;4_4&#8243; theme_builder_area=&#8220;post_content&#8220;][et_pb_heading title=&#8220;Perfekte Ausbildungsbedingungen&#8220; _builder_version=&#8220;4.27.4&#8243; _module_preset=&#8220;default&#8220; theme_builder_area=&#8220;post_content&#8220; hover_enabled=&#8220;0&#8243; sticky_enabled=&#8220;0&#8243;][\/et_pb_heading][\/et_pb_column][\/et_pb_row][et_pb_row _builder_version=&#8220;4.27.4&#8243; _module_preset=&#8220;default&#8220; theme_builder_area=&#8220;post_content&#8220;][et_pb_column _builder_version=&#8220;4.27.4&#8243; _module_preset=&#8220;default&#8220; type=&#8220;4_4&#8243; theme_builder_area=&#8220;post_content&#8220;][et_pb_text _builder_version=&#8220;4.27.4&#8243; _module_preset=&#8220;default&#8220; theme_builder_area=&#8220;post_content&#8220; hover_enabled=&#8220;0&#8243; sticky_enabled=&#8220;0&#8243;]<\/p>\n<h3>Berufsschule &#8211; Bildungswerk &#8211; Internat<\/h3>\n<p>1987-88 wurde das Verwaltungsgeb\u00e4ude des Internats aufgestockt und die Gesch\u00e4ftsstelle des Landesinnungsverbandes<br \/>am Standort etabliert. Mitte der 90er Jahre wurde das Internatsgeb\u00e4ude erweitert und 2000 erstmals eigene Schulungsr\u00e4ume angebaut. Die zus\u00e4tzliche geschaffenen R\u00e4umlichkeiten f\u00fcr die Aus- und Weiterbildung geschaffen schaffen die Voraussetzuge, den sich \u00e4ndernden Anforderungen gerecht zu werden.<\/p>\n<p>Seit Fertigstellung des<span>\u00a0<\/span><a title=\"Schornsteinfegerinternat\" href=\"http:\/\/www.schornsteinfegerinternat.de\/\" target=\"_blank\" rel=\"noopener\">Internats<\/a><span>\u00a0<\/span>1980 bietet Ulm eine zeitgem\u00e4\u00dfe und zukunftsorientierte Ausbildungsst\u00e4tte. Die Kombination aus Lehr- und Unterbringungsangebot schafft optimale Lernvoraussetzungen. Gut ausgestattete \u00dcbungs und Versuchsr\u00e4ume erlauben im Rahmen der \u00fcberbetrieblichen Ausbildung direkt im Haus sowohl die praktische Unterweisung als auch die unmittelbare Anwendung gelernter Inhalte.<\/p>\n<p><span>Au\u00dferhalb der Unterrichtszeiten k\u00f6nnen Sch\u00fclerinnen und Sch\u00fcler ihr Wissen in Lerngruppen vertiefen oder das Freizeitangebotnutzen. Auf jedem Stockwerk l\u00e4dt eine Teek\u00fcche zum gem\u00fctlichen Beisammensein ein, im Untergeschoss befinden sich verschiedene Freizeitr\u00e4ume.<\/span><\/p>\n<p><span>1987-88 wurde das Verwaltungsgeb\u00e4ude des Internats aufgestockt und die Gesch\u00e4ftsstelle des Landes-innungsverbandes am Standort etabliert. Mitte der 90er Jahre wurde das Internatsgeb\u00e4ude erweitert und 2000 erstmals eigene Schulungsr\u00e4ume angebaut. Die zus\u00e4tzliche geschaffenen R\u00e4umlichkeiten f\u00fcr die Aus- und Weiterbildung,\u00a0 stellen die Voraussetzuge dar, den sich \u00e4ndernden Anforderungen gerecht zu werden.<\/span><\/p>\n<p>[\/et_pb_text][\/et_pb_column][\/et_pb_row][et_pb_row _builder_version=&#8220;4.27.4&#8243; _module_preset=&#8220;default&#8220; theme_builder_area=&#8220;post_content&#8220;][et_pb_column _builder_version=&#8220;4.27.4&#8243; _module_preset=&#8220;default&#8220; type=&#8220;4_4&#8243; theme_builder_area=&#8220;post_content&#8220;][et_pb_gallery _builder_version=&#8220;4.27.4&#8243; _module_preset=&#8220;default&#8220; theme_builder_area=&#8220;post_content&#8220; gallery_ids=&#8220;1394,1395,1396,1397,1398,1399,1400,1401,1402&#8243; posts_number=&#8220;8&#8243; show_title_and_caption=&#8220;off&#8220; hover_enabled=&#8220;0&#8243; sticky_enabled=&#8220;0&#8243;][\/et_pb_gallery][\/et_pb_column][\/et_pb_row][\/et_pb_section]<\/p>\n","protected":false},"excerpt":{"rendered":"<p>Berufsschule &#8211; Bildungswerk &#8211; Internat 1987-88 wurde das Verwaltungsgeb\u00e4ude des Internats aufgestockt und die Gesch\u00e4ftsstelle des Landesinnungsverbandesam Standort etabliert. Mitte der 90er Jahre wurde das Internatsgeb\u00e4ude erweitert und 2000 erstmals eigene Schulungsr\u00e4ume angebaut. Die zus\u00e4tzliche geschaffenen R\u00e4umlichkeiten f\u00fcr die Aus- und Weiterbildung geschaffen schaffen die Voraussetzuge, den sich \u00e4ndernden Anforderungen gerecht zu werden. Seit Fertigstellung [&hellip;]<\/p>\n","protected":false},"author":3,"featured_media":0,"parent":0,"menu_order":0,"comment_status":"closed","ping_status":"closed","template":"","meta":{"_et_pb_use_builder":"on","_et_pb_old_content":"<!-- wp:divi\/placeholder \/-->","_et_gb_content_width":"","footnotes":""},"class_list":["post-1374","page","type-page","status-publish","hentry"],"_links":{"self":[{"href":"https:\/\/schornsteinfegerinnung-ka.de\/index.php\/wp-json\/wp\/v2\/pages\/1374","targetHints":{"allow":["GET"]}}],"collection":[{"href":"https:\/\/schornsteinfegerinnung-ka.de\/index.php\/wp-json\/wp\/v2\/pages"}],"about":[{"href":"https:\/\/schornsteinfegerinnung-ka.de\/index.php\/wp-json\/wp\/v2\/types\/page"}],"author":[{"embeddable":true,"href":"https:\/\/schornsteinfegerinnung-ka.de\/index.php\/wp-json\/wp\/v2\/users\/3"}],"replies":[{"embeddable":true,"href":"https:\/\/schornsteinfegerinnung-ka.de\/index.php\/wp-json\/wp\/v2\/comments?post=1374"}],"version-history":[{"count":3,"href":"https:\/\/schornsteinfegerinnung-ka.de\/index.php\/wp-json\/wp\/v2\/pages\/1374\/revisions"}],"predecessor-version":[{"id":1403,"href":"https:\/\/schornsteinfegerinnung-ka.de\/index.php\/wp-json\/wp\/v2\/pages\/1374\/revisions\/1403"}],"wp:attachment":[{"href":"https:\/\/schornsteinfegerinnung-ka.de\/index.php\/wp-json\/wp\/v2\/media?parent=1374"}],"curies":[{"name":"wp","href":"https:\/\/api.w.org\/{rel}","templated":true}]}}