{"id":1376,"date":"2025-11-20T16:52:01","date_gmt":"2025-11-20T16:52:01","guid":{"rendered":"https:\/\/schornsteinfegerinnung-ka.de\/?page_id=1376"},"modified":"2025-12-14T09:58:55","modified_gmt":"2025-12-14T09:58:55","slug":"eignungstest","status":"publish","type":"page","link":"https:\/\/schornsteinfegerinnung-ka.de\/index.php\/eignungstest\/","title":{"rendered":"Eignungstest"},"content":{"rendered":"<p>[et_pb_section fb_built=&#8220;1&#8243; _builder_version=&#8220;4.27.4&#8243; _module_preset=&#8220;default&#8220;][et_pb_row _builder_version=&#8220;4.27.4&#8243; _module_preset=&#8220;default&#8220; global_colors_info=&#8220;{}&#8220;][et_pb_column type=&#8220;4_4&#8243; _builder_version=&#8220;4.27.4&#8243; _module_preset=&#8220;default&#8220; global_colors_info=&#8220;{}&#8220;][et_pb_heading title=&#8220;Eignungstest&#8220; _builder_version=&#8220;4.27.4&#8243; _module_preset=&#8220;default&#8220; global_colors_info=&#8220;{}&#8220;][\/et_pb_heading][\/et_pb_column][\/et_pb_row][et_pb_row _builder_version=&#8220;4.27.4&#8243; _module_preset=&#8220;default&#8220; global_colors_info=&#8220;{}&#8220;][et_pb_column type=&#8220;4_4&#8243; _builder_version=&#8220;4.27.4&#8243; _module_preset=&#8220;default&#8220; global_colors_info=&#8220;{}&#8220;][et_pb_text _builder_version=&#8220;4.27.4&#8243; _module_preset=&#8220;default&#8220; hover_enabled=&#8220;0&#8243; global_colors_info=&#8220;{}&#8220; sticky_enabled=&#8220;0&#8243;]<\/p>\n<p>Eine Ausbildung im Schornsteinfegerhandwerk bietet gute Berufsperspektiven. Die Ausbildung erfordert jedoch auch gewisse F\u00e4higkeiten. Zweimal im Jahr findet in den R\u00e4umen des Landesinnungsverbandes in Ulm ein Eignungstest statt, der zuk\u00fcnftigen Ausbildern einen \u00dcberblick \u00fcber die Eignung ihrer zuk\u00fcnftigen Auszubildenden verschaffen kann. Gleichzeitig k\u00f6nnen Interessierte zuk\u00fcnftige Auszubildende am Eignungstest teilnehmen und zusammen mit ihre Eltern die Bildungsst\u00e4tte kennen lernen.<\/p>\n<p>Es findet zweimal j\u00e4hrlich ein Eignungstest statt. In der Regel im ersten Quartal des Jahres und in der Jahresmitte.<\/p>\n<p>Wir, die Schornsteinfegerinnung f\u00fcr den Regierungsbezirk Karlsruhe, finden den geeigneten Ausbildungsplatz f\u00fcr Sie. Bitte setzen Sie sich mit uns in Verbindung.<\/p>\n<p>Telefon 0721 68 07 86 80<\/p>\n<p>Email: info@schornsteinfegerinnung-ka.de<\/p>\n<p>[\/et_pb_text][\/et_pb_column][\/et_pb_row][\/et_pb_section]<\/p>\n","protected":false},"excerpt":{"rendered":"<p>Eine Ausbildung im Schornsteinfegerhandwerk bietet gute Berufsperspektiven. Die Ausbildung erfordert jedoch auch gewisse F\u00e4higkeiten. Zweimal im Jahr findet in den R\u00e4umen des Landesinnungsverbandes in Ulm ein Eignungstest statt, der zuk\u00fcnftigen Ausbildern einen \u00dcberblick \u00fcber die Eignung ihrer zuk\u00fcnftigen Auszubildenden verschaffen kann. Gleichzeitig k\u00f6nnen Interessierte zuk\u00fcnftige Auszubildende am Eignungstest teilnehmen und zusammen mit ihre Eltern die [&hellip;]<\/p>\n","protected":false},"author":3,"featured_media":0,"parent":0,"menu_order":0,"comment_status":"closed","ping_status":"closed","template":"","meta":{"_et_pb_use_builder":"on","_et_pb_old_content":"<!-- wp:divi\/placeholder \/-->","_et_gb_content_width":"","footnotes":""},"class_list":["post-1376","page","type-page","status-publish","hentry"],"_links":{"self":[{"href":"https:\/\/schornsteinfegerinnung-ka.de\/index.php\/wp-json\/wp\/v2\/pages\/1376","targetHints":{"allow":["GET"]}}],"collection":[{"href":"https:\/\/schornsteinfegerinnung-ka.de\/index.php\/wp-json\/wp\/v2\/pages"}],"about":[{"href":"https:\/\/schornsteinfegerinnung-ka.de\/index.php\/wp-json\/wp\/v2\/types\/page"}],"author":[{"embeddable":true,"href":"https:\/\/schornsteinfegerinnung-ka.de\/index.php\/wp-json\/wp\/v2\/users\/3"}],"replies":[{"embeddable":true,"href":"https:\/\/schornsteinfegerinnung-ka.de\/index.php\/wp-json\/wp\/v2\/comments?post=1376"}],"version-history":[{"count":5,"href":"https:\/\/schornsteinfegerinnung-ka.de\/index.php\/wp-json\/wp\/v2\/pages\/1376\/revisions"}],"predecessor-version":[{"id":1453,"href":"https:\/\/schornsteinfegerinnung-ka.de\/index.php\/wp-json\/wp\/v2\/pages\/1376\/revisions\/1453"}],"wp:attachment":[{"href":"https:\/\/schornsteinfegerinnung-ka.de\/index.php\/wp-json\/wp\/v2\/media?parent=1376"}],"curies":[{"name":"wp","href":"https:\/\/api.w.org\/{rel}","templated":true}]}}