{"id":1458,"date":"2025-12-14T10:18:16","date_gmt":"2025-12-14T10:18:16","guid":{"rendered":"https:\/\/schornsteinfegerinnung-ka.de\/?page_id=1458"},"modified":"2025-12-14T10:23:26","modified_gmt":"2025-12-14T10:23:26","slug":"informationen-fuer-andere-gewerke","status":"publish","type":"page","link":"https:\/\/schornsteinfegerinnung-ka.de\/index.php\/informationen-fuer-andere-gewerke\/","title":{"rendered":"Informationen f\u00fcr andere Gewerke"},"content":{"rendered":"<p>[et_pb_section fb_built=&#8220;1&#8243; _builder_version=&#8220;4.27.4&#8243; _module_preset=&#8220;default&#8220; global_colors_info=&#8220;{}&#8220;][et_pb_row _builder_version=&#8220;4.27.4&#8243; _module_preset=&#8220;default&#8220; global_colors_info=&#8220;{}&#8220;][et_pb_column type=&#8220;4_4&#8243; _builder_version=&#8220;4.27.4&#8243; _module_preset=&#8220;default&#8220; global_colors_info=&#8220;{}&#8220;][et_pb_heading title=&#8220;Informationen f\u00fcr andere Gewerke&#8220; _builder_version=&#8220;4.27.4&#8243; _module_preset=&#8220;default&#8220; global_colors_info=&#8220;{}&#8220;][\/et_pb_heading][et_pb_text _builder_version=&#8220;4.27.4&#8243; _module_preset=&#8220;default&#8220; global_colors_info=&#8220;{}&#8220;]<\/p>\n<p><span>Werden Feuerungsanlagen als verfahrensfreie Bauma\u00dfnahme nach \u00a7 50 Abs. 1 LBO i.V.m. Anhang Nr. 3a wesentlich ge\u00e4ndert oder neu installiert, so sind die Technische Angaben \u00fcber Feuerungsanlagen (TAF) mindestens 10 Tage vor Beginn der Ausf\u00fchrung dem\/der bevollm\u00e4chtigten Bezirksschornsteinfeger\/in vorzulegen. Nachfolgend kann das Formular sowie eine Anleitung zum Ausf\u00fcllen heruntergeladen werden:<\/span><\/p>\n<p>[\/et_pb_text][\/et_pb_column][\/et_pb_row][et_pb_row column_structure=&#8220;1_2,1_2&#8243; _builder_version=&#8220;4.27.4&#8243; _module_preset=&#8220;default&#8220; global_colors_info=&#8220;{}&#8220;][et_pb_column type=&#8220;1_2&#8243; _builder_version=&#8220;4.27.4&#8243; _module_preset=&#8220;default&#8220; global_colors_info=&#8220;{}&#8220;][et_pb_text _builder_version=&#8220;4.27.4&#8243; _module_preset=&#8220;default&#8220; global_colors_info=&#8220;{}&#8220;]<\/p>\n<h4>Technische Angaben \u00fcber Feuerungsanlagen (TAF)<\/h4>\n<p><span>Hier kann das TAF-Formular heruntergeladen werden<\/span><\/p>\n<p>[\/et_pb_text][et_pb_button button_url=&#8220;\/wp-content\/uploads\/2025\/12\/taf-angaben-feuerungsanlagen.pdf&#8220; url_new_window=&#8220;on&#8220; button_text=&#8220;Download TAF&#8220; _builder_version=&#8220;4.27.4&#8243; _module_preset=&#8220;default&#8220; global_colors_info=&#8220;{}&#8220;][\/et_pb_button][\/et_pb_column][et_pb_column type=&#8220;1_2&#8243; _builder_version=&#8220;4.27.4&#8243; _module_preset=&#8220;default&#8220; global_colors_info=&#8220;{}&#8220;][et_pb_text _builder_version=&#8220;4.27.4&#8243; _module_preset=&#8220;default&#8220; global_colors_info=&#8220;{}&#8220;]<\/p>\n<h4>Anleitung zum Ausf\u00fcllen der Technische Angaben \u00fcber Feuerungsanlagen (TAF)<\/h4>\n<p><span>Hier kann die Anleitung zum Ausf\u00fcllen des TAF-Formulars heruntergeladen werden.<\/span><\/p>\n<p>[\/et_pb_text][et_pb_button button_url=&#8220;\/wp-content\/uploads\/2025\/12\/taf-manual-20161.pdf&#8220; url_new_window=&#8220;on&#8220; button_text=&#8220;Download Anleitung TAF&#8220; _builder_version=&#8220;4.27.4&#8243; _module_preset=&#8220;default&#8220; global_colors_info=&#8220;{}&#8220;][\/et_pb_button][\/et_pb_column][\/et_pb_row][\/et_pb_section]<\/p>\n","protected":false},"excerpt":{"rendered":"<p>Werden Feuerungsanlagen als verfahrensfreie Bauma\u00dfnahme nach \u00a7 50 Abs. 1 LBO i.V.m. Anhang Nr. 3a wesentlich ge\u00e4ndert oder neu installiert, so sind die Technische Angaben \u00fcber Feuerungsanlagen (TAF) mindestens 10 Tage vor Beginn der Ausf\u00fchrung dem\/der bevollm\u00e4chtigten Bezirksschornsteinfeger\/in vorzulegen. Nachfolgend kann das Formular sowie eine Anleitung zum Ausf\u00fcllen heruntergeladen werden:Technische Angaben \u00fcber Feuerungsanlagen (TAF) Hier [&hellip;]<\/p>\n","protected":false},"author":3,"featured_media":0,"parent":0,"menu_order":0,"comment_status":"closed","ping_status":"closed","template":"","meta":{"_et_pb_use_builder":"on","_et_pb_old_content":"<!-- wp:divi\/placeholder \/-->","_et_gb_content_width":"","footnotes":""},"class_list":["post-1458","page","type-page","status-publish","hentry"],"_links":{"self":[{"href":"https:\/\/schornsteinfegerinnung-ka.de\/index.php\/wp-json\/wp\/v2\/pages\/1458","targetHints":{"allow":["GET"]}}],"collection":[{"href":"https:\/\/schornsteinfegerinnung-ka.de\/index.php\/wp-json\/wp\/v2\/pages"}],"about":[{"href":"https:\/\/schornsteinfegerinnung-ka.de\/index.php\/wp-json\/wp\/v2\/types\/page"}],"author":[{"embeddable":true,"href":"https:\/\/schornsteinfegerinnung-ka.de\/index.php\/wp-json\/wp\/v2\/users\/3"}],"replies":[{"embeddable":true,"href":"https:\/\/schornsteinfegerinnung-ka.de\/index.php\/wp-json\/wp\/v2\/comments?post=1458"}],"version-history":[{"count":4,"href":"https:\/\/schornsteinfegerinnung-ka.de\/index.php\/wp-json\/wp\/v2\/pages\/1458\/revisions"}],"predecessor-version":[{"id":1466,"href":"https:\/\/schornsteinfegerinnung-ka.de\/index.php\/wp-json\/wp\/v2\/pages\/1458\/revisions\/1466"}],"wp:attachment":[{"href":"https:\/\/schornsteinfegerinnung-ka.de\/index.php\/wp-json\/wp\/v2\/media?parent=1458"}],"curies":[{"name":"wp","href":"https:\/\/api.w.org\/{rel}","templated":true}]}}