{"id":184,"date":"2025-05-26T08:16:35","date_gmt":"2025-05-26T08:16:35","guid":{"rendered":"https:\/\/festive-benz.2-56-99-18.plesk.page\/schornsteinfeger-liv-baden-wuerttemberg\/?page_id=184"},"modified":"2025-12-14T10:17:34","modified_gmt":"2025-12-14T10:17:34","slug":"guetesiegel","status":"publish","type":"page","link":"https:\/\/schornsteinfegerinnung-ka.de\/index.php\/guetesiegel\/","title":{"rendered":"G\u00fctesiegel"},"content":{"rendered":"<p>[et_pb_section fb_built=&#8220;1&#8243; _builder_version=&#8220;4.27.4&#8243; _module_preset=&#8220;default&#8220;][et_pb_row _builder_version=&#8220;4.27.4&#8243; _module_preset=&#8220;default&#8220;][et_pb_column _builder_version=&#8220;4.27.4&#8243; _module_preset=&#8220;default&#8220; type=&#8220;4_4&#8243;][et_pb_heading title=&#8220;G\u00fctesiegel&#8220; _builder_version=&#8220;4.27.4&#8243; _module_preset=&#8220;default&#8220; title_text_align=&#8220;center&#8220; hover_enabled=&#8220;0&#8243; sticky_enabled=&#8220;0&#8243;][\/et_pb_heading][\/et_pb_column][\/et_pb_row][et_pb_row _builder_version=&#8220;4.27.4&#8243; _module_preset=&#8220;default&#8220; global_colors_info=&#8220;{}&#8220;][et_pb_column type=&#8220;4_4&#8243; _builder_version=&#8220;4.27.4&#8243; _module_preset=&#8220;default&#8220; global_colors_info=&#8220;{}&#8220;][et_pb_heading title=&#8220;%22Fachbetrieb des Schornsteinfegerhandwerks%22&#8243; title_tablet=&#8220;%22Fachbetrieb des Schornsteinfegerhandwerks%22&#8243; title_phone=&#8220;%22Fachbetrieb des Schornsteinfegerhandwerks%22&#8243; title_last_edited=&#8220;on|desktop&#8220; _builder_version=&#8220;4.27.4&#8243; _module_preset=&#8220;default&#8220; global_colors_info=&#8220;{}&#8220;][\/et_pb_heading][\/et_pb_column][\/et_pb_row][et_pb_row column_structure=&#8220;1_2,1_2&#8243; _builder_version=&#8220;4.27.4&#8243; _module_preset=&#8220;default&#8220; global_colors_info=&#8220;{}&#8220;][et_pb_column type=&#8220;1_2&#8243; _builder_version=&#8220;4.27.4&#8243; _module_preset=&#8220;default&#8220; global_colors_info=&#8220;{}&#8220;][et_pb_image src=&#8220;https:\/\/schornsteinfegerinnung-ka.de\/wp-content\/uploads\/2025\/05\/2020-guetesiegel-schornsteinfegerhandwerk-zweifarbig.jpg&#8220; title_text=&#8220;2020-guetesiegel-schornsteinfegerhandwerk-zweifarbig&#8220; _builder_version=&#8220;4.27.4&#8243; _module_preset=&#8220;default&#8220; animation_style=&#8220;flip&#8220; global_colors_info=&#8220;{}&#8220;][\/et_pb_image][\/et_pb_column][et_pb_column type=&#8220;1_2&#8243; _builder_version=&#8220;4.27.4&#8243; _module_preset=&#8220;default&#8220; global_colors_info=&#8220;{}&#8220;][et_pb_text _builder_version=&#8220;4.27.4&#8243; _module_preset=&#8220;default&#8220; global_colors_info=&#8220;{}&#8220;]<\/p>\n<p>Ab 01. Januar 2021 gibt es im Schornsteinfegerhandwerk ein neues G\u00fctesiegel, das den hohen Qualit\u00e4tsstandard im Handwerk sichtbar machen soll. Die gesetzten Standards werden im Rahmen eines Zertifizierungsverfahrens regelm\u00e4\u00dfig \u00fcberpr\u00fcft. Nach erfolgreicher Zertifizierung k\u00f6nnen sich Schornsteinfegerbetriebe k\u00fcnftig \u201eFachbetrieb des Schornsteinfegerhandwerks\u201c nennen und das G\u00fctesiegel in ihrer Au\u00dfendarstellung verwenden. Es steht f\u00fcr hohe Qualit\u00e4tsstandards in den Bereichen fachliche Ausf\u00fchrung und Weiterbildung, Umweltschutz, Organisation und Kundenmanagement.<\/p>\n<p>Kunden haben bei Betrieben mit dem G\u00fctesiegel die Gewissheit, dass diese Dienstleistungen nach aktuellen, \u00fcberpr\u00fcften fachlichen Standards und unter Einhaltung der gesetzlichen Vorgaben anbieten. Das G\u00fctesiegel \u201eFachbetrieb des Schornsteinfegerhandwerks\u201c lehnt sich an die Norm DIN EN ISO\/IEC 17065:2013 an und l\u00f6st die bisherige Matrix-Zertifizierung nach den Normen DIN EN ISO 9001 und 14001 ab.<\/p>\n<p>Mit ZDH-Zert steht den teilnehmenden Betrieben eine erfahrene Zertifizierungsstelle f\u00fcr Handwerk und Mittelstand zur Seite.<\/p>\n<p>[\/et_pb_text][\/et_pb_column][\/et_pb_row][\/et_pb_section][et_pb_section fb_built=&#8220;1&#8243; _builder_version=&#8220;4.27.4&#8243; _module_preset=&#8220;default&#8220; background_color=&#8220;gcid-a93f2103-1d8b-43bb-b21d-81d84bba8b15&#8243; global_colors_info=&#8220;{%22gcid-a93f2103-1d8b-43bb-b21d-81d84bba8b15%22:%91%22background_color%22%93}&#8220;][et_pb_row column_structure=&#8220;1_2,1_2&#8243; _builder_version=&#8220;4.27.4&#8243; _module_preset=&#8220;default&#8220; global_colors_info=&#8220;{}&#8220;][et_pb_column type=&#8220;1_2&#8243; _builder_version=&#8220;4.27.4&#8243; _module_preset=&#8220;default&#8220; global_colors_info=&#8220;{}&#8220;][et_pb_blurb title=&#8220;Hoheitlicher Bereich&#8220; image=&#8220;https:\/\/festive-benz.2-56-99-18.plesk.page\/schornsteinfeger-liv-baden-wuerttemberg\/wp-content\/uploads\/2025\/05\/guetesiegel-gruen-quer.jpeg&#8220; icon_placement=&#8220;top&#8220; image_icon_width=&#8220;49%&#8220; icon_alignment=&#8220;center&#8220; _builder_version=&#8220;4.27.4&#8243; _module_preset=&#8220;default&#8220; animation_style=&#8220;flip&#8220; global_colors_info=&#8220;{}&#8220;]<\/p>\n<p><span>Ob ein bevollm\u00e4chtigter Bezirksschornsteinfeger zertifiziert ist, erkennen Verbraucher an diesem Logo. Zu den hoheitlichen T\u00e4tigkeiten geh\u00f6ren Bauabnahmen, die Feuerst\u00e4ttenschau sowie die Erstellung des Feuerst\u00e4ttenbescheides.<\/span><\/p>\n<p><span>Nach welchen Kriterien ein bevollm\u00e4chtiger Bezirksschornsteinfeger zertifiziert wurde, k\u00f6nnen Sie im nachfolgenden Kriterienkatalog nachlesen.<\/span><\/p>\n<p>[\/et_pb_blurb][\/et_pb_column][et_pb_column type=&#8220;1_2&#8243; _builder_version=&#8220;4.27.4&#8243; _module_preset=&#8220;default&#8220; global_colors_info=&#8220;{}&#8220;][et_pb_blurb title=&#8220;Privatwirtschaftlicher Bereich&#8220; image=&#8220;https:\/\/festive-benz.2-56-99-18.plesk.page\/schornsteinfeger-liv-baden-wuerttemberg\/wp-content\/uploads\/2025\/05\/guetesiegel-blau-quer.jpeg&#8220; icon_placement=&#8220;top&#8220; image_icon_width=&#8220;49%&#8220; icon_alignment=&#8220;center&#8220; _builder_version=&#8220;4.27.4&#8243; _module_preset=&#8220;default&#8220; animation_style=&#8220;flip&#8220; locked=&#8220;off&#8220; global_colors_info=&#8220;{}&#8220;]<\/p>\n<p><span>Ob ein Schornsteinfegerbetrieb mit seinen privatwirtschaftlichen Dienstleistungen zertifiziert ist, erkennen Verbraucher an diesem Logo. Zu den privatwirtschaftlichen Dienstleistungen z\u00e4hlen die Messungen und \u00dcberpr\u00fcfungen nach 1. BImSchV und K\u00dcO sowie die Reinigungen nach K\u00dcO.<\/span><\/p>\n<p><span>Nach welchen Kriterien ein Betrieb zertifiziert wurde, k\u00f6nnen Sie im nachfolgenden Kriterienkatalog nachlesen.<\/span><\/p>\n<p>[\/et_pb_blurb][\/et_pb_column][\/et_pb_row][\/et_pb_section][et_pb_section fb_built=&#8220;1&#8243; _builder_version=&#8220;4.27.4&#8243; _module_preset=&#8220;default&#8220;][et_pb_row column_structure=&#8220;1_2,1_2&#8243; _builder_version=&#8220;4.27.4&#8243; _module_preset=&#8220;default&#8220; global_colors_info=&#8220;{}&#8220;][et_pb_column type=&#8220;1_2&#8243; _builder_version=&#8220;4.27.4&#8243; _module_preset=&#8220;default&#8220; global_colors_info=&#8220;{}&#8220;][et_pb_image src=&#8220;https:\/\/schornsteinfegerinnung-ka.de\/wp-content\/uploads\/2025\/05\/zdh-zert-zertifiziert.jpg&#8220; title_text=&#8220;zdh-zert-zertifiziert&#8220; _builder_version=&#8220;4.27.4&#8243; _module_preset=&#8220;default&#8220; width=&#8220;63%&#8220; animation_style=&#8220;fold&#8220; global_colors_info=&#8220;{}&#8220;][\/et_pb_image][\/et_pb_column][et_pb_column type=&#8220;1_2&#8243; _builder_version=&#8220;4.27.4&#8243; _module_preset=&#8220;default&#8220; global_colors_info=&#8220;{}&#8220;][et_pb_text _builder_version=&#8220;4.27.4&#8243; _module_preset=&#8220;default&#8220; global_colors_info=&#8220;{}&#8220;]<\/p>\n<h2>ZDH-Zert ist neue Zertifizierungsstelle\u00a0<\/h2>\n<p>&nbsp;<\/p>\n<p>Mit ZDH-Zert steht den teilnehmenden Betrieben eine erfahrene Zertifizierungsstelle f\u00fcr Handwerk und Mittelstand zur Seite.<\/p>\n<p>Eine Besonderheit im Schornsteinfegerhandwerk ist zu ber\u00fccksichtigen:<br \/>Hoheitliche und nicht-hoheitliche Bereiche sind nach Schornsteinfeger-Handwerksgesetz (SchfHwG) deutlich erkennbar zu trennen.<br \/>Entsprechend werden die jeweils zugeh\u00f6rigen Leistungen des Schornsteinfegerbetriebs (= privatwirtschaftlich) und des bevollm\u00e4chtigten Bezirksschornsteinfegers (= hoheitlich) getrennt zertifiziert.<br \/>Es bleibt f\u00fcr beide Bereiche optisch bei einem G\u00fctesiegel. Eine Unterscheidung und Zuordnung ist an der farblichen Gestaltung zu erkennen: Gr\u00fcn steht f\u00fcr hoheitlich und blau f\u00fcr privatwirtschaftlich. F\u00fcr den Kunden spielt dies jedoch keine Rolle. Betriebe und bevollm\u00e4chtigte Bezirksschornsteinfeger garantieren mit dem G\u00fctesiegel hohe Qualit\u00e4tsstandards im jeweiligen Bereich.<\/p>\n<p>[\/et_pb_text][\/et_pb_column][\/et_pb_row][et_pb_row _builder_version=&#8220;4.27.4&#8243; _module_preset=&#8220;default&#8220; global_colors_info=&#8220;{}&#8220;][et_pb_column type=&#8220;4_4&#8243; _builder_version=&#8220;4.27.4&#8243; _module_preset=&#8220;default&#8220; global_colors_info=&#8220;{}&#8220;][et_pb_heading title=&#8220;Technisches Regelwerk&#8220; _builder_version=&#8220;4.27.4&#8243; _module_preset=&#8220;default&#8220; global_colors_info=&#8220;{}&#8220;][\/et_pb_heading][et_pb_text _builder_version=&#8220;4.27.4&#8243; _module_preset=&#8220;default&#8220; hover_enabled=&#8220;0&#8243; global_colors_info=&#8220;{}&#8220; sticky_enabled=&#8220;0&#8243;]<\/p>\n<p>Das technische Regelwerk kann <a href=\"\/wp-content\/uploads\/2025\/11\/technisches-regelwerk.pdf\" target=\"_blank\" rel=\"noopener\">hier<\/a> heruntergeladen werden.<\/p>\n<p>[\/et_pb_text][\/et_pb_column][\/et_pb_row][\/et_pb_section]<\/p>\n","protected":false},"excerpt":{"rendered":"<p>Ab 01. Januar 2021 gibt es im Schornsteinfegerhandwerk ein neues G\u00fctesiegel, das den hohen Qualit\u00e4tsstandard im Handwerk sichtbar machen soll. Die gesetzten Standards werden im Rahmen eines Zertifizierungsverfahrens regelm\u00e4\u00dfig \u00fcberpr\u00fcft. Nach erfolgreicher Zertifizierung k\u00f6nnen sich Schornsteinfegerbetriebe k\u00fcnftig \u201eFachbetrieb des Schornsteinfegerhandwerks\u201c nennen und das G\u00fctesiegel in ihrer Au\u00dfendarstellung verwenden. Es steht f\u00fcr hohe Qualit\u00e4tsstandards in den [&hellip;]<\/p>\n","protected":false},"author":1,"featured_media":0,"parent":0,"menu_order":0,"comment_status":"closed","ping_status":"closed","template":"","meta":{"_et_pb_use_builder":"on","_et_pb_old_content":"","_et_gb_content_width":"","footnotes":""},"class_list":["post-184","page","type-page","status-publish","hentry"],"_links":{"self":[{"href":"https:\/\/schornsteinfegerinnung-ka.de\/index.php\/wp-json\/wp\/v2\/pages\/184","targetHints":{"allow":["GET"]}}],"collection":[{"href":"https:\/\/schornsteinfegerinnung-ka.de\/index.php\/wp-json\/wp\/v2\/pages"}],"about":[{"href":"https:\/\/schornsteinfegerinnung-ka.de\/index.php\/wp-json\/wp\/v2\/types\/page"}],"author":[{"embeddable":true,"href":"https:\/\/schornsteinfegerinnung-ka.de\/index.php\/wp-json\/wp\/v2\/users\/1"}],"replies":[{"embeddable":true,"href":"https:\/\/schornsteinfegerinnung-ka.de\/index.php\/wp-json\/wp\/v2\/comments?post=184"}],"version-history":[{"count":10,"href":"https:\/\/schornsteinfegerinnung-ka.de\/index.php\/wp-json\/wp\/v2\/pages\/184\/revisions"}],"predecessor-version":[{"id":1457,"href":"https:\/\/schornsteinfegerinnung-ka.de\/index.php\/wp-json\/wp\/v2\/pages\/184\/revisions\/1457"}],"wp:attachment":[{"href":"https:\/\/schornsteinfegerinnung-ka.de\/index.php\/wp-json\/wp\/v2\/media?parent=184"}],"curies":[{"name":"wp","href":"https:\/\/api.w.org\/{rel}","templated":true}]}}